{"id":183,"date":"2024-10-14T08:40:28","date_gmt":"2024-10-14T08:40:28","guid":{"rendered":"https:\/\/www.yttis.fi\/?page_id=183"},"modified":"2025-08-11T23:46:51","modified_gmt":"2025-08-11T20:46:51","slug":"tiedoitteet","status":"publish","type":"page","link":"https:\/\/www.yttis.fi\/index.php\/tiedoitteet\/","title":{"rendered":"Tiedotteet"},"content":{"rendered":"\t\t<div data-elementor-type=\"wp-page\" data-elementor-id=\"183\" class=\"elementor elementor-183\" data-elementor-post-type=\"page\">\n\t\t\t\t\t\t<section class=\"elementor-section elementor-top-section elementor-element elementor-element-d619864 elementor-section-height-min-height elementor-section-boxed elementor-section-height-default elementor-section-items-middle\" data-id=\"d619864\" data-element_type=\"section\" data-e-type=\"section\" data-settings=\"{&quot;background_background&quot;:&quot;classic&quot;}\">\n\t\t\t\t\t\t\t<div class=\"elementor-background-overlay\"><\/div>\n\t\t\t\t\t\t\t<div class=\"elementor-container elementor-column-gap-no\">\n\t\t\t\t\t<div class=\"elementor-column elementor-col-100 elementor-top-column elementor-element elementor-element-56a16ac\" data-id=\"56a16ac\" data-element_type=\"column\" data-e-type=\"column\" data-settings=\"{&quot;background_background&quot;:&quot;classic&quot;}\">\n\t\t\t<div class=\"elementor-widget-wrap elementor-element-populated\">\n\t\t\t\t\t\t<div class=\"elementor-element elementor-element-f87636f elementor-widget elementor-widget-heading\" data-id=\"f87636f\" data-element_type=\"widget\" data-e-type=\"widget\" data-widget_type=\"heading.default\">\n\t\t\t\t<div class=\"elementor-widget-container\">\n\t\t\t\t\t<h1 class=\"elementor-heading-title elementor-size-default\">Tiedotteet<\/h1>\t\t\t\t<\/div>\n\t\t\t\t<\/div>\n\t\t\t\t\t<\/div>\n\t\t<\/div>\n\t\t\t\t\t<\/div>\n\t\t<\/section>\n\t\t<div class=\"elementor-element elementor-element-31f2a8f e-flex e-con-boxed e-con e-parent\" data-id=\"31f2a8f\" data-element_type=\"container\" data-e-type=\"container\">\n\t\t\t\t\t<div class=\"e-con-inner\">\n\t\t\t\t<div class=\"elementor-element elementor-element-c728288 elementor-grid-3 elementor-grid-tablet-2 elementor-grid-mobile-1 elementor-posts--thumbnail-top elementor-card-shadow-yes elementor-posts__hover-gradient elementor-widget elementor-widget-posts\" data-id=\"c728288\" data-element_type=\"widget\" data-e-type=\"widget\" data-settings=\"{&quot;cards_columns&quot;:&quot;3&quot;,&quot;cards_columns_tablet&quot;:&quot;2&quot;,&quot;cards_columns_mobile&quot;:&quot;1&quot;,&quot;cards_row_gap&quot;:{&quot;unit&quot;:&quot;px&quot;,&quot;size&quot;:35,&quot;sizes&quot;:[]},&quot;cards_row_gap_tablet&quot;:{&quot;unit&quot;:&quot;px&quot;,&quot;size&quot;:&quot;&quot;,&quot;sizes&quot;:[]},&quot;cards_row_gap_mobile&quot;:{&quot;unit&quot;:&quot;px&quot;,&quot;size&quot;:&quot;&quot;,&quot;sizes&quot;:[]}}\" data-widget_type=\"posts.cards\">\n\t\t\t\t<div class=\"elementor-widget-container\">\n\t\t\t\t\t\t\t<div class=\"elementor-posts-container elementor-posts elementor-posts--skin-cards elementor-grid\" role=\"list\">\n\t\t\t\t<article class=\"elementor-post elementor-grid-item post-833 post type-post status-publish format-standard has-post-thumbnail hentry category-uncategorized tag-julmarkand-joulumarkkinat-kimitoon-kemionsaari\" role=\"listitem\">\n\t\t\t<div class=\"elementor-post__card\">\n\t\t\t\t<a class=\"elementor-post__thumbnail__link\" href=\"https:\/\/www.yttis.fi\/index.php\/2025\/11\/17\/joulumarkkinat-22-11-kl-12-17\/\" tabindex=\"-1\" ><div class=\"elementor-post__thumbnail\"><img fetchpriority=\"high\" decoding=\"async\" width=\"768\" height=\"960\" src=\"https:\/\/www.yttis.fi\/wp-content\/uploads\/2025\/11\/yttis_joulumarkkinat25_some-768x960.jpg\" class=\"attachment-medium_large size-medium_large wp-image-834\" alt=\"\" srcset=\"https:\/\/www.yttis.fi\/wp-content\/uploads\/2025\/11\/yttis_joulumarkkinat25_some-768x960.jpg 768w, https:\/\/www.yttis.fi\/wp-content\/uploads\/2025\/11\/yttis_joulumarkkinat25_some-240x300.jpg 240w, https:\/\/www.yttis.fi\/wp-content\/uploads\/2025\/11\/yttis_joulumarkkinat25_some-819x1024.jpg 819w, https:\/\/www.yttis.fi\/wp-content\/uploads\/2025\/11\/yttis_joulumarkkinat25_some-10x12.jpg 10w, https:\/\/www.yttis.fi\/wp-content\/uploads\/2025\/11\/yttis_joulumarkkinat25_some.jpg 1080w\" sizes=\"(max-width: 768px) 100vw, 768px\" \/><\/div><\/a>\n\t\t\t\t<div class=\"elementor-post__text\">\n\t\t\t\t<h3 class=\"elementor-post__title\">\n\t\t\t<a href=\"https:\/\/www.yttis.fi\/index.php\/2025\/11\/17\/joulumarkkinat-22-11-kl-12-17\/\" >\n\t\t\t\tJoulumarkkinat &#8211; Julmarknad 22.11\t\t\t<\/a>\n\t\t<\/h3>\n\t\t\t\t<div class=\"elementor-post__excerpt\">\n\t\t\t<p>Kemi\u00f6nsaaren pienimm\u00e4t ja suloisimmat joulumarkkinat ovat aivan oven takana! Ulkoilmatapahtumassa upeita myyji\u00e4 &#8211; kiitollisia jokaisesta! Joulupukki tavattavissa, riisipuuroa soppatykist\u00e4,l\u00e4mpimi\u00e4 juomi ja joululauluja paikan p\u00e4\u00e4lle tulee esitt\u00e4m\u00e4\u00e4n upea \u00e4\u00e4ninen Johan Lindberg! Ja mit\u00e4 joulumarkkinat olisivat ilman<\/p>\n\t\t<\/div>\n\t\t\n\t\t<a class=\"elementor-post__read-more\" href=\"https:\/\/www.yttis.fi\/index.php\/2025\/11\/17\/joulumarkkinat-22-11-kl-12-17\/\" aria-label=\"Read more about Joulumarkkinat &#8211; Julmarknad 22.11\" tabindex=\"-1\" >\n\t\t\tLue lis\u00e4\u00e4 \u00bb\t\t<\/a>\n\n\t\t\t\t<\/div>\n\t\t\t\t<div class=\"elementor-post__meta-data\">\n\t\t\t\t\t<span class=\"elementor-post-date\">\n\t\t\t17.11.2025\t\t<\/span>\n\t\t\t\t<\/div>\n\t\t\t\t\t<\/div>\n\t\t<\/article>\n\t\t\t\t<article class=\"elementor-post elementor-grid-item post-709 post type-post status-publish format-standard has-post-thumbnail hentry category-uncategorized\" role=\"listitem\">\n\t\t\t<div class=\"elementor-post__card\">\n\t\t\t\t<a class=\"elementor-post__thumbnail__link\" href=\"https:\/\/www.yttis.fi\/index.php\/2025\/08\/14\/muinaistulien-yo-2025\/\" tabindex=\"-1\" ><div class=\"elementor-post__thumbnail\"><img decoding=\"async\" width=\"768\" height=\"960\" src=\"https:\/\/www.yttis.fi\/wp-content\/uploads\/2025\/08\/broday-768x960.jpeg\" class=\"attachment-medium_large size-medium_large wp-image-710\" alt=\"\" srcset=\"https:\/\/www.yttis.fi\/wp-content\/uploads\/2025\/08\/broday-768x960.jpeg 768w, https:\/\/www.yttis.fi\/wp-content\/uploads\/2025\/08\/broday-240x300.jpeg 240w, https:\/\/www.yttis.fi\/wp-content\/uploads\/2025\/08\/broday-819x1024.jpeg 819w, https:\/\/www.yttis.fi\/wp-content\/uploads\/2025\/08\/broday-1229x1536.jpeg 1229w, https:\/\/www.yttis.fi\/wp-content\/uploads\/2025\/08\/broday-10x12.jpeg 10w, https:\/\/www.yttis.fi\/wp-content\/uploads\/2025\/08\/broday.jpeg 1638w\" sizes=\"(max-width: 768px) 100vw, 768px\" \/><\/div><\/a>\n\t\t\t\t<div class=\"elementor-post__text\">\n\t\t\t\t<h3 class=\"elementor-post__title\">\n\t\t\t<a href=\"https:\/\/www.yttis.fi\/index.php\/2025\/08\/14\/muinaistulien-yo-2025\/\" >\n\t\t\t\tMuinaistulien y\u00f6 2025\t\t\t<\/a>\n\t\t<\/h3>\n\t\t\t\t<div class=\"elementor-post__excerpt\">\n\t\t\t<p>Ja bileb\u00e4ndi BroDay! Huh! Taatut kiitos bileet kes\u00e4lle, ja vietet\u00e4\u00e4n yhdess\u00e4 unohtumatonta aikaa yst\u00e4vien kanssa! Yttikse terassi t\u00e4yttyy tunnelma valoista, iloisesta fiiliksest\u00e4 ja t\u00f6rke\u00e4n edullisista juomista. T\u00e4t\u00e4, et halua j\u00e4tt\u00e4\u00e4 v\u00e4list\u00e4! T\u00e4n\u00e4 iltana juodaan kes\u00e4n<\/p>\n\t\t<\/div>\n\t\t\n\t\t<a class=\"elementor-post__read-more\" href=\"https:\/\/www.yttis.fi\/index.php\/2025\/08\/14\/muinaistulien-yo-2025\/\" aria-label=\"Read more about Muinaistulien y\u00f6 2025\" tabindex=\"-1\" >\n\t\t\tLue lis\u00e4\u00e4 \u00bb\t\t<\/a>\n\n\t\t\t\t<\/div>\n\t\t\t\t<div class=\"elementor-post__meta-data\">\n\t\t\t\t\t<span class=\"elementor-post-date\">\n\t\t\t14.8.2025\t\t<\/span>\n\t\t\t\t<\/div>\n\t\t\t\t\t<\/div>\n\t\t<\/article>\n\t\t\t\t<article class=\"elementor-post elementor-grid-item post-595 post type-post status-publish format-standard has-post-thumbnail hentry category-uncategorized\" role=\"listitem\">\n\t\t\t<div class=\"elementor-post__card\">\n\t\t\t\t<a class=\"elementor-post__thumbnail__link\" href=\"https:\/\/www.yttis.fi\/index.php\/2025\/08\/10\/yttis-fest-23-8-2025\/\" tabindex=\"-1\" ><div class=\"elementor-post__thumbnail\"><img decoding=\"async\" width=\"600\" height=\"450\" src=\"https:\/\/www.yttis.fi\/wp-content\/uploads\/2024\/10\/456969236_1299135004772356_2976433206540033065_n.jpg\" class=\"attachment-medium_large size-medium_large wp-image-178\" alt=\"\" srcset=\"https:\/\/www.yttis.fi\/wp-content\/uploads\/2024\/10\/456969236_1299135004772356_2976433206540033065_n.jpg 600w, https:\/\/www.yttis.fi\/wp-content\/uploads\/2024\/10\/456969236_1299135004772356_2976433206540033065_n-300x225.jpg 300w\" sizes=\"(max-width: 600px) 100vw, 600px\" \/><\/div><\/a>\n\t\t\t\t<div class=\"elementor-post__text\">\n\t\t\t\t<h3 class=\"elementor-post__title\">\n\t\t\t<a href=\"https:\/\/www.yttis.fi\/index.php\/2025\/08\/10\/yttis-fest-23-8-2025\/\" >\n\t\t\t\tYttis Fest 23.8.2025\t\t\t<\/a>\n\t\t<\/h3>\n\t\t\t\t<div class=\"elementor-post__excerpt\">\n\t\t\t<p>Yttis Fest > Yttis fest, lauantaina 23.8.2025, klo 21-02Blue Elefant marssittaa ja tanssittaa meid\u00e4t kuumaan tunnelmaan kohti elokuun viimeisi\u00e4 \u00f6it\u00e4 Tapahtumassa t\u00e4n\u00e4 vuonna uutuutena mm. &#8211; Kuvauspiste-Valokuvaaja, ikuistamassa ne loppuillan hitaat ja parhaimmat nousut, taltioimassa<\/p>\n\t\t<\/div>\n\t\t\n\t\t<a class=\"elementor-post__read-more\" href=\"https:\/\/www.yttis.fi\/index.php\/2025\/08\/10\/yttis-fest-23-8-2025\/\" aria-label=\"Read more about Yttis Fest 23.8.2025\" tabindex=\"-1\" >\n\t\t\tLue lis\u00e4\u00e4 \u00bb\t\t<\/a>\n\n\t\t\t\t<\/div>\n\t\t\t\t<div class=\"elementor-post__meta-data\">\n\t\t\t\t\t<span class=\"elementor-post-date\">\n\t\t\t10.8.2025\t\t<\/span>\n\t\t\t\t<\/div>\n\t\t\t\t\t<\/div>\n\t\t<\/article>\n\t\t\t\t<article class=\"elementor-post elementor-grid-item post-242 post type-post status-publish format-standard has-post-thumbnail hentry category-uncategorized\" role=\"listitem\">\n\t\t\t<div class=\"elementor-post__card\">\n\t\t\t\t<a class=\"elementor-post__thumbnail__link\" href=\"https:\/\/www.yttis.fi\/index.php\/2025\/08\/10\/aukioloajoista\/\" tabindex=\"-1\" ><div class=\"elementor-post__thumbnail\"><img loading=\"lazy\" decoding=\"async\" width=\"480\" height=\"480\" src=\"https:\/\/www.yttis.fi\/wp-content\/uploads\/2024\/10\/455363618_1291504102202113_5799277375543256543_n.jpg\" class=\"attachment-medium_large size-medium_large wp-image-103\" alt=\"\" srcset=\"https:\/\/www.yttis.fi\/wp-content\/uploads\/2024\/10\/455363618_1291504102202113_5799277375543256543_n.jpg 480w, https:\/\/www.yttis.fi\/wp-content\/uploads\/2024\/10\/455363618_1291504102202113_5799277375543256543_n-300x300.jpg 300w, https:\/\/www.yttis.fi\/wp-content\/uploads\/2024\/10\/455363618_1291504102202113_5799277375543256543_n-150x150.jpg 150w\" sizes=\"(max-width: 480px) 100vw, 480px\" \/><\/div><\/a>\n\t\t\t\t<div class=\"elementor-post__text\">\n\t\t\t\t<h3 class=\"elementor-post__title\">\n\t\t\t<a href=\"https:\/\/www.yttis.fi\/index.php\/2025\/08\/10\/aukioloajoista\/\" >\n\t\t\t\tAukioloajoista\t\t\t<\/a>\n\t\t<\/h3>\n\t\t\t\t<div class=\"elementor-post__excerpt\">\n\t\t\t<p>Vi vill p\u00e5minna om att Yttis inte st\u00e4nger d\u00f6rrarna efter sommars\u00e4songen! Vi kommer visserligen att ta b\u00e5de kortare och lite l\u00e4ngre ledigheter, men f\u00f6rutom en vecka st\u00e4ngt kommer vi att h\u00e5lla d\u00f6rrarna \u00f6ppna f\u00f6r er!\ud83d\ude4f\ud83c\udffbVi<\/p>\n\t\t<\/div>\n\t\t\n\t\t<a class=\"elementor-post__read-more\" href=\"https:\/\/www.yttis.fi\/index.php\/2025\/08\/10\/aukioloajoista\/\" aria-label=\"Read more about Aukioloajoista\" tabindex=\"-1\" >\n\t\t\tLue lis\u00e4\u00e4 \u00bb\t\t<\/a>\n\n\t\t\t\t<\/div>\n\t\t\t\t<div class=\"elementor-post__meta-data\">\n\t\t\t\t\t<span class=\"elementor-post-date\">\n\t\t\t10.8.2025\t\t<\/span>\n\t\t\t\t<\/div>\n\t\t\t\t\t<\/div>\n\t\t<\/article>\n\t\t\t\t<article class=\"elementor-post elementor-grid-item post-568 post type-post status-publish format-standard has-post-thumbnail hentry category-uncategorized\" role=\"listitem\">\n\t\t\t<div class=\"elementor-post__card\">\n\t\t\t\t<a class=\"elementor-post__thumbnail__link\" href=\"https:\/\/www.yttis.fi\/index.php\/2025\/07\/06\/om-tacksamhet-kiitollisuudesta\/\" tabindex=\"-1\" ><div class=\"elementor-post__thumbnail\"><img loading=\"lazy\" decoding=\"async\" width=\"768\" height=\"960\" src=\"https:\/\/www.yttis.fi\/wp-content\/uploads\/2025\/07\/515956606_1546222373396950_1251799966640323334_n-768x960.jpg\" class=\"attachment-medium_large size-medium_large wp-image-572\" alt=\"\" srcset=\"https:\/\/www.yttis.fi\/wp-content\/uploads\/2025\/07\/515956606_1546222373396950_1251799966640323334_n-768x960.jpg 768w, https:\/\/www.yttis.fi\/wp-content\/uploads\/2025\/07\/515956606_1546222373396950_1251799966640323334_n-240x300.jpg 240w, https:\/\/www.yttis.fi\/wp-content\/uploads\/2025\/07\/515956606_1546222373396950_1251799966640323334_n-819x1024.jpg 819w, https:\/\/www.yttis.fi\/wp-content\/uploads\/2025\/07\/515956606_1546222373396950_1251799966640323334_n-10x12.jpg 10w, https:\/\/www.yttis.fi\/wp-content\/uploads\/2025\/07\/515956606_1546222373396950_1251799966640323334_n.jpg 1080w\" sizes=\"(max-width: 768px) 100vw, 768px\" \/><\/div><\/a>\n\t\t\t\t<div class=\"elementor-post__text\">\n\t\t\t\t<h3 class=\"elementor-post__title\">\n\t\t\t<a href=\"https:\/\/www.yttis.fi\/index.php\/2025\/07\/06\/om-tacksamhet-kiitollisuudesta\/\" >\n\t\t\t\tOm tacksamhet &#8211; kiitollisuudesta\t\t\t<\/a>\n\t\t<\/h3>\n\t\t\t\t<div class=\"elementor-post__excerpt\">\n\t\t\t<p>H\u00e4r p\u00e5 sociala medier har det varit n\u00e5gra dagars tystnad. Vi pratar ofta om tacksamhet h\u00e4r, men den h\u00e4r g\u00e5ngen vill jag dela med mig av n\u00e5got mer personligt.Jag kommer fr\u00e5n innanf\u00f6r Ring 3an och<\/p>\n\t\t<\/div>\n\t\t\n\t\t<a class=\"elementor-post__read-more\" href=\"https:\/\/www.yttis.fi\/index.php\/2025\/07\/06\/om-tacksamhet-kiitollisuudesta\/\" aria-label=\"Read more about Om tacksamhet &#8211; kiitollisuudesta\" tabindex=\"-1\" >\n\t\t\tLue lis\u00e4\u00e4 \u00bb\t\t<\/a>\n\n\t\t\t\t<\/div>\n\t\t\t\t<div class=\"elementor-post__meta-data\">\n\t\t\t\t\t<span class=\"elementor-post-date\">\n\t\t\t6.7.2025\t\t<\/span>\n\t\t\t\t<\/div>\n\t\t\t\t\t<\/div>\n\t\t<\/article>\n\t\t\t\t<\/div>\n\t\t\n\t\t\t\t\t\t<\/div>\n\t\t\t\t<\/div>\n\t\t\t\t\t<\/div>\n\t\t\t\t<\/div>\n\t\t\t\t<\/div>\n\t\t","protected":false},"excerpt":{"rendered":"<p>Tiedotteet<\/p>\n","protected":false},"author":1,"featured_media":0,"parent":0,"menu_order":0,"comment_status":"closed","ping_status":"closed","template":"elementor_header_footer","meta":{"footnotes":""},"class_list":["post-183","page","type-page","status-publish","hentry"],"yoast_head":"<!-- This site is optimized with the Yoast SEO plugin v26.8 - https:\/\/yoast.com\/product\/yoast-seo-wordpress\/ -->\n<title>Tiedotteet - Road Cafe Yttis<\/title>\n<meta name=\"robots\" content=\"index, follow, max-snippet:-1, max-image-preview:large, max-video-preview:-1\" \/>\n<link rel=\"canonical\" href=\"https:\/\/www.yttis.fi\/index.php\/tiedoitteet\/\" \/>\n<meta property=\"og:locale\" content=\"fi_FI\" \/>\n<meta property=\"og:type\" content=\"article\" \/>\n<meta property=\"og:title\" content=\"Tiedotteet - Road Cafe Yttis\" \/>\n<meta property=\"og:description\" content=\"Tiedotteet\" \/>\n<meta property=\"og:url\" content=\"https:\/\/www.yttis.fi\/index.php\/tiedoitteet\/\" \/>\n<meta property=\"og:site_name\" content=\"Road Cafe Yttis\" \/>\n<meta property=\"article:modified_time\" content=\"2025-08-11T20:46:51+00:00\" \/>\n<meta name=\"twitter:card\" content=\"summary_large_image\" \/>\n<meta name=\"twitter:label1\" content=\"Arvioitu lukuaika\" \/>\n\t<meta name=\"twitter:data1\" content=\"3 minuuttia\" \/>\n<script type=\"application\/ld+json\" class=\"yoast-schema-graph\">{\"@context\":\"https:\/\/schema.org\",\"@graph\":[{\"@type\":\"WebPage\",\"@id\":\"https:\/\/www.yttis.fi\/index.php\/tiedoitteet\/\",\"url\":\"https:\/\/www.yttis.fi\/index.php\/tiedoitteet\/\",\"name\":\"Tiedotteet - Road Cafe Yttis\",\"isPartOf\":{\"@id\":\"https:\/\/www.yttis.fi\/#website\"},\"datePublished\":\"2024-10-14T08:40:28+00:00\",\"dateModified\":\"2025-08-11T20:46:51+00:00\",\"breadcrumb\":{\"@id\":\"https:\/\/www.yttis.fi\/index.php\/tiedoitteet\/#breadcrumb\"},\"inLanguage\":\"fi\",\"potentialAction\":[{\"@type\":\"ReadAction\",\"target\":[\"https:\/\/www.yttis.fi\/index.php\/tiedoitteet\/\"]}]},{\"@type\":\"BreadcrumbList\",\"@id\":\"https:\/\/www.yttis.fi\/index.php\/tiedoitteet\/#breadcrumb\",\"itemListElement\":[{\"@type\":\"ListItem\",\"position\":1,\"name\":\"Etusivu\",\"item\":\"https:\/\/www.yttis.fi\/\"},{\"@type\":\"ListItem\",\"position\":2,\"name\":\"Tiedotteet\"}]},{\"@type\":\"WebSite\",\"@id\":\"https:\/\/www.yttis.fi\/#website\",\"url\":\"https:\/\/www.yttis.fi\/\",\"name\":\"Road Cafe Yttis\",\"description\":\"Bistro &amp; Bar\",\"publisher\":{\"@id\":\"https:\/\/www.yttis.fi\/#organization\"},\"potentialAction\":[{\"@type\":\"SearchAction\",\"target\":{\"@type\":\"EntryPoint\",\"urlTemplate\":\"https:\/\/www.yttis.fi\/?s={search_term_string}\"},\"query-input\":{\"@type\":\"PropertyValueSpecification\",\"valueRequired\":true,\"valueName\":\"search_term_string\"}}],\"inLanguage\":\"fi\"},{\"@type\":\"Organization\",\"@id\":\"https:\/\/www.yttis.fi\/#organization\",\"name\":\"Road Cafe Yttis\",\"url\":\"https:\/\/www.yttis.fi\/\",\"logo\":{\"@type\":\"ImageObject\",\"inLanguage\":\"fi\",\"@id\":\"https:\/\/www.yttis.fi\/#\/schema\/logo\/image\/\",\"url\":\"https:\/\/www.yttis.fi\/wp-content\/uploads\/2024\/10\/logo.png\",\"contentUrl\":\"https:\/\/www.yttis.fi\/wp-content\/uploads\/2024\/10\/logo.png\",\"width\":1199,\"height\":1086,\"caption\":\"Road Cafe Yttis\"},\"image\":{\"@id\":\"https:\/\/www.yttis.fi\/#\/schema\/logo\/image\/\"}}]}<\/script>\n<!-- \/ Yoast SEO plugin. -->","yoast_head_json":{"title":"Tiedotteet - Road Cafe Yttis","robots":{"index":"index","follow":"follow","max-snippet":"max-snippet:-1","max-image-preview":"max-image-preview:large","max-video-preview":"max-video-preview:-1"},"canonical":"https:\/\/www.yttis.fi\/index.php\/tiedoitteet\/","og_locale":"fi_FI","og_type":"article","og_title":"Tiedotteet - Road Cafe Yttis","og_description":"Tiedotteet","og_url":"https:\/\/www.yttis.fi\/index.php\/tiedoitteet\/","og_site_name":"Road Cafe Yttis","article_modified_time":"2025-08-11T20:46:51+00:00","twitter_card":"summary_large_image","twitter_misc":{"Arvioitu lukuaika":"3 minuuttia"},"schema":{"@context":"https:\/\/schema.org","@graph":[{"@type":"WebPage","@id":"https:\/\/www.yttis.fi\/index.php\/tiedoitteet\/","url":"https:\/\/www.yttis.fi\/index.php\/tiedoitteet\/","name":"Tiedotteet - Road Cafe Yttis","isPartOf":{"@id":"https:\/\/www.yttis.fi\/#website"},"datePublished":"2024-10-14T08:40:28+00:00","dateModified":"2025-08-11T20:46:51+00:00","breadcrumb":{"@id":"https:\/\/www.yttis.fi\/index.php\/tiedoitteet\/#breadcrumb"},"inLanguage":"fi","potentialAction":[{"@type":"ReadAction","target":["https:\/\/www.yttis.fi\/index.php\/tiedoitteet\/"]}]},{"@type":"BreadcrumbList","@id":"https:\/\/www.yttis.fi\/index.php\/tiedoitteet\/#breadcrumb","itemListElement":[{"@type":"ListItem","position":1,"name":"Etusivu","item":"https:\/\/www.yttis.fi\/"},{"@type":"ListItem","position":2,"name":"Tiedotteet"}]},{"@type":"WebSite","@id":"https:\/\/www.yttis.fi\/#website","url":"https:\/\/www.yttis.fi\/","name":"Road Cafe Yttis","description":"Bistro &amp; Bar","publisher":{"@id":"https:\/\/www.yttis.fi\/#organization"},"potentialAction":[{"@type":"SearchAction","target":{"@type":"EntryPoint","urlTemplate":"https:\/\/www.yttis.fi\/?s={search_term_string}"},"query-input":{"@type":"PropertyValueSpecification","valueRequired":true,"valueName":"search_term_string"}}],"inLanguage":"fi"},{"@type":"Organization","@id":"https:\/\/www.yttis.fi\/#organization","name":"Road Cafe Yttis","url":"https:\/\/www.yttis.fi\/","logo":{"@type":"ImageObject","inLanguage":"fi","@id":"https:\/\/www.yttis.fi\/#\/schema\/logo\/image\/","url":"https:\/\/www.yttis.fi\/wp-content\/uploads\/2024\/10\/logo.png","contentUrl":"https:\/\/www.yttis.fi\/wp-content\/uploads\/2024\/10\/logo.png","width":1199,"height":1086,"caption":"Road Cafe Yttis"},"image":{"@id":"https:\/\/www.yttis.fi\/#\/schema\/logo\/image\/"}}]}},"_links":{"self":[{"href":"https:\/\/www.yttis.fi\/index.php\/wp-json\/wp\/v2\/pages\/183","targetHints":{"allow":["GET"]}}],"collection":[{"href":"https:\/\/www.yttis.fi\/index.php\/wp-json\/wp\/v2\/pages"}],"about":[{"href":"https:\/\/www.yttis.fi\/index.php\/wp-json\/wp\/v2\/types\/page"}],"author":[{"embeddable":true,"href":"https:\/\/www.yttis.fi\/index.php\/wp-json\/wp\/v2\/users\/1"}],"replies":[{"embeddable":true,"href":"https:\/\/www.yttis.fi\/index.php\/wp-json\/wp\/v2\/comments?post=183"}],"version-history":[{"count":17,"href":"https:\/\/www.yttis.fi\/index.php\/wp-json\/wp\/v2\/pages\/183\/revisions"}],"predecessor-version":[{"id":624,"href":"https:\/\/www.yttis.fi\/index.php\/wp-json\/wp\/v2\/pages\/183\/revisions\/624"}],"wp:attachment":[{"href":"https:\/\/www.yttis.fi\/index.php\/wp-json\/wp\/v2\/media?parent=183"}],"curies":[{"name":"wp","href":"https:\/\/api.w.org\/{rel}","templated":true}]}}