{"id":353,"date":"2024-11-18T12:29:20","date_gmt":"2024-11-18T12:29:20","guid":{"rendered":"https:\/\/www.yttis.fi\/?page_id=353"},"modified":"2025-08-11T23:46:30","modified_gmt":"2025-08-11T20:46:30","slug":"a-la-carte","status":"publish","type":"page","link":"https:\/\/www.yttis.fi\/index.php\/a-la-carte\/","title":{"rendered":"\u00c0 la carte"},"content":{"rendered":"\t\t<div data-elementor-type=\"wp-page\" data-elementor-id=\"353\" class=\"elementor elementor-353\" data-elementor-post-type=\"page\">\n\t\t\t\t\t\t<section class=\"elementor-section elementor-top-section elementor-element elementor-element-2a5354d4 elementor-section-height-min-height elementor-section-boxed elementor-section-height-default elementor-section-items-middle\" data-id=\"2a5354d4\" data-element_type=\"section\" data-e-type=\"section\" data-settings=\"{&quot;background_background&quot;:&quot;classic&quot;}\">\n\t\t\t\t\t\t\t<div class=\"elementor-background-overlay\"><\/div>\n\t\t\t\t\t\t\t<div class=\"elementor-container elementor-column-gap-no\">\n\t\t\t\t\t<div class=\"elementor-column elementor-col-100 elementor-top-column elementor-element elementor-element-1489090a\" data-id=\"1489090a\" data-element_type=\"column\" data-e-type=\"column\" data-settings=\"{&quot;background_background&quot;:&quot;classic&quot;}\">\n\t\t\t<div class=\"elementor-widget-wrap elementor-element-populated\">\n\t\t\t\t\t\t<div class=\"elementor-element elementor-element-77a6ac8 elementor-widget elementor-widget-heading\" data-id=\"77a6ac8\" data-element_type=\"widget\" data-e-type=\"widget\" data-widget_type=\"heading.default\">\n\t\t\t\t<div class=\"elementor-widget-container\">\n\t\t\t\t\t<h1 class=\"elementor-heading-title elementor-size-default\">\u00c0 la carte<\/h1>\t\t\t\t<\/div>\n\t\t\t\t<\/div>\n\t\t\t\t\t<\/div>\n\t\t<\/div>\n\t\t\t\t\t<\/div>\n\t\t<\/section>\n\t\t\t\t<section class=\"elementor-section elementor-top-section elementor-element elementor-element-2406ccef elementor-section-boxed elementor-section-height-default elementor-section-height-default\" data-id=\"2406ccef\" data-element_type=\"section\" data-e-type=\"section\" data-settings=\"{&quot;background_background&quot;:&quot;classic&quot;}\">\n\t\t\t\t\t\t<div class=\"elementor-container elementor-column-gap-no\">\n\t\t\t\t\t<div class=\"elementor-column elementor-col-100 elementor-top-column elementor-element elementor-element-684d5792\" data-id=\"684d5792\" data-element_type=\"column\" data-e-type=\"column\">\n\t\t\t<div class=\"elementor-widget-wrap elementor-element-populated\">\n\t\t\t\t\t\t<div class=\"elementor-element elementor-element-324af16e elementor-widget elementor-widget-spacer\" data-id=\"324af16e\" data-element_type=\"widget\" data-e-type=\"widget\" data-widget_type=\"spacer.default\">\n\t\t\t\t<div class=\"elementor-widget-container\">\n\t\t\t\t\t\t\t<div class=\"elementor-spacer\">\n\t\t\t<div class=\"elementor-spacer-inner\"><\/div>\n\t\t<\/div>\n\t\t\t\t\t\t<\/div>\n\t\t\t\t<\/div>\n\t\t\t\t\t<\/div>\n\t\t<\/div>\n\t\t\t\t\t<\/div>\n\t\t<\/section>\n\t\t\t\t<section class=\"elementor-section elementor-top-section elementor-element elementor-element-92eac9f elementor-section-boxed elementor-section-height-default elementor-section-height-default\" data-id=\"92eac9f\" data-element_type=\"section\" data-e-type=\"section\" data-settings=\"{&quot;background_background&quot;:&quot;classic&quot;}\">\n\t\t\t\t\t\t\t<div class=\"elementor-background-overlay\"><\/div>\n\t\t\t\t\t\t\t<div class=\"elementor-container elementor-column-gap-no\">\n\t\t\t\t\t<div class=\"elementor-column elementor-col-100 elementor-top-column elementor-element elementor-element-35687758\" data-id=\"35687758\" data-element_type=\"column\" data-e-type=\"column\">\n\t\t\t<div class=\"elementor-widget-wrap elementor-element-populated\">\n\t\t\t\t\t\t<section class=\"elementor-section elementor-inner-section elementor-element elementor-element-19144c4c elementor-section-boxed elementor-section-height-default elementor-section-height-default\" data-id=\"19144c4c\" data-element_type=\"section\" data-e-type=\"section\" data-settings=\"{&quot;background_background&quot;:&quot;classic&quot;}\">\n\t\t\t\t\t\t<div class=\"elementor-container elementor-column-gap-default\">\n\t\t\t\t\t<div class=\"elementor-column elementor-col-100 elementor-inner-column elementor-element elementor-element-3590a11a\" data-id=\"3590a11a\" data-element_type=\"column\" data-e-type=\"column\" data-settings=\"{&quot;background_background&quot;:&quot;classic&quot;}\">\n\t\t\t<div class=\"elementor-widget-wrap elementor-element-populated\">\n\t\t\t\t\t<div class=\"elementor-background-overlay\"><\/div>\n\t\t\t\t\t\t<div class=\"elementor-element elementor-element-1b2b4560 elementor-widget elementor-widget-text-editor\" data-id=\"1b2b4560\" data-element_type=\"widget\" data-e-type=\"widget\" data-widget_type=\"text-editor.default\">\n\t\t\t\t<div class=\"elementor-widget-container\">\n\t\t\t\t\t\t\t\t\t<h2>Kes\u00e4n ruokalista 2025<\/h2><p>alk. 31.5.2025<\/p>\t\t\t\t\t\t\t\t<\/div>\n\t\t\t\t<\/div>\n\t\t\t\t<div class=\"elementor-element elementor-element-10db19f5 elementor-vertical-align-top elementor-widget elementor-widget-image-box\" data-id=\"10db19f5\" data-element_type=\"widget\" data-e-type=\"widget\" data-widget_type=\"image-box.default\">\n\t\t\t\t<div class=\"elementor-widget-container\">\n\t\t\t\t\t<div class=\"elementor-image-box-wrapper\"><div class=\"elementor-image-box-content\"><h3 class=\"elementor-image-box-title\">Yttiksen Ceasar salaatti 19\u20ac<\/h3><p class=\"elementor-image-box-description\">kirsikkatomaattia ja  saaristolaislimppu-krutonkeja. \nT\u00e4ytevaihtoehdot: Katkarapu \/ Kana gyros <\/p><\/div><\/div>\t\t\t\t<\/div>\n\t\t\t\t<\/div>\n\t\t\t\t<div class=\"elementor-element elementor-element-2fa72c8e elementor-vertical-align-top elementor-widget elementor-widget-image-box\" data-id=\"2fa72c8e\" data-element_type=\"widget\" data-e-type=\"widget\" data-widget_type=\"image-box.default\">\n\t\t\t\t<div class=\"elementor-widget-container\">\n\t\t\t\t\t<div class=\"elementor-image-box-wrapper\"><div class=\"elementor-image-box-content\"><h3 class=\"elementor-image-box-title\">Paholaisen kana 24.50\u20ac <\/h3><p class=\"elementor-image-box-description\">Paistettua kananrintafilett\u00e4, vuohenjuustoa, paholaisen hilloa. Tarjoillaan meill\u00e4 valmistettujen yrtti-lohkoperunoiden ja kauden l\u00e4mpimien kasvisten kera. <\/p><\/div><\/div>\t\t\t\t<\/div>\n\t\t\t\t<\/div>\n\t\t\t\t<div class=\"elementor-element elementor-element-537a96a8 elementor-vertical-align-top elementor-widget elementor-widget-image-box\" data-id=\"537a96a8\" data-element_type=\"widget\" data-e-type=\"widget\" data-widget_type=\"image-box.default\">\n\t\t\t\t<div class=\"elementor-widget-container\">\n\t\t\t\t\t<div class=\"elementor-image-box-wrapper\"><div class=\"elementor-image-box-content\"><h3 class=\"elementor-image-box-title\">Halloumi kana 24.50\u20ac<\/h3><p class=\"elementor-image-box-description\">Paistettua kananrintafilett\u00e4, halloumijuustoa, tummaa balsamicoa,. Tarjoillaan meill\u00e4 valmistettujen yrtti-lohkoperunoiden ja kauden l\u00e4mpimien kasvisten kera. <\/p><\/div><\/div>\t\t\t\t<\/div>\n\t\t\t\t<\/div>\n\t\t\t\t<div class=\"elementor-element elementor-element-48ef1ec elementor-vertical-align-top elementor-widget elementor-widget-image-box\" data-id=\"48ef1ec\" data-element_type=\"widget\" data-e-type=\"widget\" data-widget_type=\"image-box.default\">\n\t\t\t\t<div class=\"elementor-widget-container\">\n\t\t\t\t\t<div class=\"elementor-image-box-wrapper\"><div class=\"elementor-image-box-content\"><h3 class=\"elementor-image-box-title\">Kermainen lohikeitto  19.50\u20ac <\/h3><p class=\"elementor-image-box-description\">Legendaarinen kermainen lohikeittomme on kulkenut meid\u00e4n mukana jo useita vuosia. Talvella tarjolla vain special viikonloppuina! \nAnnoksen mukaan laitetaan Yttiksen saaristolaislimppua ja oikeaa voita!  <\/p><\/div><\/div>\t\t\t\t<\/div>\n\t\t\t\t<\/div>\n\t\t\t\t<div class=\"elementor-element elementor-element-1838a76c elementor-vertical-align-top elementor-widget elementor-widget-image-box\" data-id=\"1838a76c\" data-element_type=\"widget\" data-e-type=\"widget\" data-widget_type=\"image-box.default\">\n\t\t\t\t<div class=\"elementor-widget-container\">\n\t\t\t\t\t<div class=\"elementor-image-box-wrapper\"><div class=\"elementor-image-box-content\"><h3 class=\"elementor-image-box-title\">Ribs 20.50\u20ac \/ 39.50\u20ac <\/h3><\/div><\/div>\t\t\t\t<\/div>\n\t\t\t\t<\/div>\n\t\t\t\t<div class=\"elementor-element elementor-element-61ce0688 elementor-vertical-align-top elementor-widget elementor-widget-image-box\" data-id=\"61ce0688\" data-element_type=\"widget\" data-e-type=\"widget\" data-widget_type=\"image-box.default\">\n\t\t\t\t<div class=\"elementor-widget-container\">\n\t\t\t\t\t<div class=\"elementor-image-box-wrapper\"><div class=\"elementor-image-box-content\"><h3 class=\"elementor-image-box-title\">Talon Kampot pippuripihvi 200g<\/h3><p class=\"elementor-image-box-description\">Tarjoillaan herkulissen Kampot-pippurikastikkeen, kauden l\u00e4mpimien kasvisten ja valitsemasi perunalisukkeen kera. <\/p><\/div><\/div>\t\t\t\t<\/div>\n\t\t\t\t<\/div>\n\t\t\t\t<div class=\"elementor-element elementor-element-92b1f14 elementor-vertical-align-top elementor-widget elementor-widget-image-box\" data-id=\"92b1f14\" data-element_type=\"widget\" data-e-type=\"widget\" data-widget_type=\"image-box.default\">\n\t\t\t\t<div class=\"elementor-widget-container\">\n\t\t\t\t\t<div class=\"elementor-image-box-wrapper\"><div class=\"elementor-image-box-content\"><h3 class=\"elementor-image-box-title\">Mafioson pihvi 200g<\/h3><p class=\"elementor-image-box-description\">Chimichurri kastiketta. jalapeno-aiolia. Tarjoillan kauden l\u00e4mpimien kasvisten ja valitsemasi perunalisukkeen kera. <\/p><\/div><\/div>\t\t\t\t<\/div>\n\t\t\t\t<\/div>\n\t\t\t\t<div class=\"elementor-element elementor-element-10d00fa elementor-vertical-align-top elementor-widget elementor-widget-image-box\" data-id=\"10d00fa\" data-element_type=\"widget\" data-e-type=\"widget\" data-widget_type=\"image-box.default\">\n\t\t\t\t<div class=\"elementor-widget-container\">\n\t\t\t\t\t<div class=\"elementor-image-box-wrapper\"><div class=\"elementor-image-box-content\"><h3 class=\"elementor-image-box-title\">Paneroitu porsaanleike +200g<\/h3><\/div><\/div>\t\t\t\t<\/div>\n\t\t\t\t<\/div>\n\t\t\t\t<div class=\"elementor-element elementor-element-ee0a8e3 elementor-vertical-align-top elementor-widget elementor-widget-image-box\" data-id=\"ee0a8e3\" data-element_type=\"widget\" data-e-type=\"widget\" data-widget_type=\"image-box.default\">\n\t\t\t\t<div class=\"elementor-widget-container\">\n\t\t\t\t\t<div class=\"elementor-image-box-wrapper\"><div class=\"elementor-image-box-content\"><h3 class=\"elementor-image-box-title\">Perunavaihtoehdot<\/h3><p class=\"elementor-image-box-description\">Ranskanperunat, talon j\u00e4ttilohkoperunat, sipuli-pottumuussi <\/p><\/div><\/div>\t\t\t\t<\/div>\n\t\t\t\t<\/div>\n\t\t\t\t\t<\/div>\n\t\t<\/div>\n\t\t\t\t\t<\/div>\n\t\t<\/section>\n\t\t\t\t\t<\/div>\n\t\t<\/div>\n\t\t\t\t\t<\/div>\n\t\t<\/section>\n\t\t\t\t<\/div>\n\t\t","protected":false},"excerpt":{"rendered":"<p>\u00c0 la carte Kes\u00e4n ruokalista 2025 alk. 31.5.2025 Yttiksen Ceasar salaatti 19\u20ac kirsikkatomaattia ja saaristolaislimppu-krutonkeja. T\u00e4ytevaihtoehdot: Katkarapu \/ Kana gyros Paholaisen kana 24.50\u20ac Paistettua kananrintafilett\u00e4, vuohenjuustoa, paholaisen hilloa. Tarjoillaan meill\u00e4 valmistettujen yrtti-lohkoperunoiden ja kauden l\u00e4mpimien kasvisten kera. Halloumi kana 24.50\u20ac Paistettua kananrintafilett\u00e4, halloumijuustoa, tummaa balsamicoa,. Tarjoillaan meill\u00e4 valmistettujen yrtti-lohkoperunoiden ja kauden l\u00e4mpimien kasvisten kera. Kermainen [&hellip;]<\/p>\n","protected":false},"author":1,"featured_media":0,"parent":0,"menu_order":0,"comment_status":"closed","ping_status":"closed","template":"","meta":{"footnotes":""},"class_list":["post-353","page","type-page","status-publish","hentry"],"yoast_head":"<!-- This site is optimized with the Yoast SEO plugin v26.8 - https:\/\/yoast.com\/product\/yoast-seo-wordpress\/ -->\n<title>\u00c0 la carte - Road Cafe Yttis<\/title>\n<meta name=\"robots\" content=\"index, follow, max-snippet:-1, max-image-preview:large, max-video-preview:-1\" \/>\n<link rel=\"canonical\" href=\"https:\/\/www.yttis.fi\/index.php\/a-la-carte\/\" \/>\n<meta property=\"og:locale\" content=\"fi_FI\" \/>\n<meta property=\"og:type\" content=\"article\" \/>\n<meta property=\"og:title\" content=\"\u00c0 la carte - Road Cafe Yttis\" \/>\n<meta property=\"og:description\" content=\"\u00c0 la carte Kes\u00e4n ruokalista 2025 alk. 31.5.2025 Yttiksen Ceasar salaatti 19\u20ac kirsikkatomaattia ja saaristolaislimppu-krutonkeja. T\u00e4ytevaihtoehdot: Katkarapu \/ Kana gyros Paholaisen kana 24.50\u20ac Paistettua kananrintafilett\u00e4, vuohenjuustoa, paholaisen hilloa. Tarjoillaan meill\u00e4 valmistettujen yrtti-lohkoperunoiden ja kauden l\u00e4mpimien kasvisten kera. Halloumi kana 24.50\u20ac Paistettua kananrintafilett\u00e4, halloumijuustoa, tummaa balsamicoa,. Tarjoillaan meill\u00e4 valmistettujen yrtti-lohkoperunoiden ja kauden l\u00e4mpimien kasvisten kera. Kermainen [&hellip;]\" \/>\n<meta property=\"og:url\" content=\"https:\/\/www.yttis.fi\/index.php\/a-la-carte\/\" \/>\n<meta property=\"og:site_name\" content=\"Road Cafe Yttis\" \/>\n<meta property=\"article:modified_time\" content=\"2025-08-11T20:46:30+00:00\" \/>\n<meta name=\"twitter:card\" content=\"summary_large_image\" \/>\n<meta name=\"twitter:label1\" content=\"Arvioitu lukuaika\" \/>\n\t<meta name=\"twitter:data1\" content=\"1 minuutti\" \/>\n<script type=\"application\/ld+json\" class=\"yoast-schema-graph\">{\"@context\":\"https:\/\/schema.org\",\"@graph\":[{\"@type\":\"WebPage\",\"@id\":\"https:\/\/www.yttis.fi\/index.php\/a-la-carte\/\",\"url\":\"https:\/\/www.yttis.fi\/index.php\/a-la-carte\/\",\"name\":\"\u00c0 la carte - Road Cafe Yttis\",\"isPartOf\":{\"@id\":\"http:\/\/www.yttis.fi\/#website\"},\"datePublished\":\"2024-11-18T12:29:20+00:00\",\"dateModified\":\"2025-08-11T20:46:30+00:00\",\"breadcrumb\":{\"@id\":\"https:\/\/www.yttis.fi\/index.php\/a-la-carte\/#breadcrumb\"},\"inLanguage\":\"fi\",\"potentialAction\":[{\"@type\":\"ReadAction\",\"target\":[\"https:\/\/www.yttis.fi\/index.php\/a-la-carte\/\"]}]},{\"@type\":\"BreadcrumbList\",\"@id\":\"https:\/\/www.yttis.fi\/index.php\/a-la-carte\/#breadcrumb\",\"itemListElement\":[{\"@type\":\"ListItem\",\"position\":1,\"name\":\"Etusivu\",\"item\":\"http:\/\/www.yttis.fi\/\"},{\"@type\":\"ListItem\",\"position\":2,\"name\":\"\u00c0 la carte\"}]},{\"@type\":\"WebSite\",\"@id\":\"http:\/\/www.yttis.fi\/#website\",\"url\":\"http:\/\/www.yttis.fi\/\",\"name\":\"Road Cafe Yttis\",\"description\":\"Bistro &amp; Bar\",\"publisher\":{\"@id\":\"http:\/\/www.yttis.fi\/#organization\"},\"potentialAction\":[{\"@type\":\"SearchAction\",\"target\":{\"@type\":\"EntryPoint\",\"urlTemplate\":\"http:\/\/www.yttis.fi\/?s={search_term_string}\"},\"query-input\":{\"@type\":\"PropertyValueSpecification\",\"valueRequired\":true,\"valueName\":\"search_term_string\"}}],\"inLanguage\":\"fi\"},{\"@type\":\"Organization\",\"@id\":\"http:\/\/www.yttis.fi\/#organization\",\"name\":\"Road Cafe Yttis\",\"url\":\"http:\/\/www.yttis.fi\/\",\"logo\":{\"@type\":\"ImageObject\",\"inLanguage\":\"fi\",\"@id\":\"http:\/\/www.yttis.fi\/#\/schema\/logo\/image\/\",\"url\":\"https:\/\/www.yttis.fi\/wp-content\/uploads\/2024\/10\/logo.png\",\"contentUrl\":\"https:\/\/www.yttis.fi\/wp-content\/uploads\/2024\/10\/logo.png\",\"width\":1199,\"height\":1086,\"caption\":\"Road Cafe Yttis\"},\"image\":{\"@id\":\"http:\/\/www.yttis.fi\/#\/schema\/logo\/image\/\"}}]}<\/script>\n<!-- \/ Yoast SEO plugin. -->","yoast_head_json":{"title":"\u00c0 la carte - Road Cafe Yttis","robots":{"index":"index","follow":"follow","max-snippet":"max-snippet:-1","max-image-preview":"max-image-preview:large","max-video-preview":"max-video-preview:-1"},"canonical":"https:\/\/www.yttis.fi\/index.php\/a-la-carte\/","og_locale":"fi_FI","og_type":"article","og_title":"\u00c0 la carte - Road Cafe Yttis","og_description":"\u00c0 la carte Kes\u00e4n ruokalista 2025 alk. 31.5.2025 Yttiksen Ceasar salaatti 19\u20ac kirsikkatomaattia ja saaristolaislimppu-krutonkeja. T\u00e4ytevaihtoehdot: Katkarapu \/ Kana gyros Paholaisen kana 24.50\u20ac Paistettua kananrintafilett\u00e4, vuohenjuustoa, paholaisen hilloa. Tarjoillaan meill\u00e4 valmistettujen yrtti-lohkoperunoiden ja kauden l\u00e4mpimien kasvisten kera. Halloumi kana 24.50\u20ac Paistettua kananrintafilett\u00e4, halloumijuustoa, tummaa balsamicoa,. Tarjoillaan meill\u00e4 valmistettujen yrtti-lohkoperunoiden ja kauden l\u00e4mpimien kasvisten kera. Kermainen [&hellip;]","og_url":"https:\/\/www.yttis.fi\/index.php\/a-la-carte\/","og_site_name":"Road Cafe Yttis","article_modified_time":"2025-08-11T20:46:30+00:00","twitter_card":"summary_large_image","twitter_misc":{"Arvioitu lukuaika":"1 minuutti"},"schema":{"@context":"https:\/\/schema.org","@graph":[{"@type":"WebPage","@id":"https:\/\/www.yttis.fi\/index.php\/a-la-carte\/","url":"https:\/\/www.yttis.fi\/index.php\/a-la-carte\/","name":"\u00c0 la carte - Road Cafe Yttis","isPartOf":{"@id":"http:\/\/www.yttis.fi\/#website"},"datePublished":"2024-11-18T12:29:20+00:00","dateModified":"2025-08-11T20:46:30+00:00","breadcrumb":{"@id":"https:\/\/www.yttis.fi\/index.php\/a-la-carte\/#breadcrumb"},"inLanguage":"fi","potentialAction":[{"@type":"ReadAction","target":["https:\/\/www.yttis.fi\/index.php\/a-la-carte\/"]}]},{"@type":"BreadcrumbList","@id":"https:\/\/www.yttis.fi\/index.php\/a-la-carte\/#breadcrumb","itemListElement":[{"@type":"ListItem","position":1,"name":"Etusivu","item":"http:\/\/www.yttis.fi\/"},{"@type":"ListItem","position":2,"name":"\u00c0 la carte"}]},{"@type":"WebSite","@id":"http:\/\/www.yttis.fi\/#website","url":"http:\/\/www.yttis.fi\/","name":"Road Cafe Yttis","description":"Bistro &amp; Bar","publisher":{"@id":"http:\/\/www.yttis.fi\/#organization"},"potentialAction":[{"@type":"SearchAction","target":{"@type":"EntryPoint","urlTemplate":"http:\/\/www.yttis.fi\/?s={search_term_string}"},"query-input":{"@type":"PropertyValueSpecification","valueRequired":true,"valueName":"search_term_string"}}],"inLanguage":"fi"},{"@type":"Organization","@id":"http:\/\/www.yttis.fi\/#organization","name":"Road Cafe Yttis","url":"http:\/\/www.yttis.fi\/","logo":{"@type":"ImageObject","inLanguage":"fi","@id":"http:\/\/www.yttis.fi\/#\/schema\/logo\/image\/","url":"https:\/\/www.yttis.fi\/wp-content\/uploads\/2024\/10\/logo.png","contentUrl":"https:\/\/www.yttis.fi\/wp-content\/uploads\/2024\/10\/logo.png","width":1199,"height":1086,"caption":"Road Cafe Yttis"},"image":{"@id":"http:\/\/www.yttis.fi\/#\/schema\/logo\/image\/"}}]}},"_links":{"self":[{"href":"https:\/\/www.yttis.fi\/index.php\/wp-json\/wp\/v2\/pages\/353","targetHints":{"allow":["GET"]}}],"collection":[{"href":"https:\/\/www.yttis.fi\/index.php\/wp-json\/wp\/v2\/pages"}],"about":[{"href":"https:\/\/www.yttis.fi\/index.php\/wp-json\/wp\/v2\/types\/page"}],"author":[{"embeddable":true,"href":"https:\/\/www.yttis.fi\/index.php\/wp-json\/wp\/v2\/users\/1"}],"replies":[{"embeddable":true,"href":"https:\/\/www.yttis.fi\/index.php\/wp-json\/wp\/v2\/comments?post=353"}],"version-history":[{"count":22,"href":"https:\/\/www.yttis.fi\/index.php\/wp-json\/wp\/v2\/pages\/353\/revisions"}],"predecessor-version":[{"id":621,"href":"https:\/\/www.yttis.fi\/index.php\/wp-json\/wp\/v2\/pages\/353\/revisions\/621"}],"wp:attachment":[{"href":"https:\/\/www.yttis.fi\/index.php\/wp-json\/wp\/v2\/media?parent=353"}],"curies":[{"name":"wp","href":"https:\/\/api.w.org\/{rel}","templated":true}]}}